{"id":105,"date":"2021-12-05T15:49:32","date_gmt":"2021-12-05T14:49:32","guid":{"rendered":"https:\/\/www.cestaazivot.sk\/?page_id=105"},"modified":"2021-12-05T15:49:33","modified_gmt":"2021-12-05T14:49:33","slug":"skola-zotavenia","status":"publish","type":"page","link":"https:\/\/www.cestaazivot.sk\/?page_id=105","title":{"rendered":"\u0160kola zotavenia"},"content":{"rendered":"\n<p><strong>\u0160KOLA ZOTAVENIA \u2013 n\u00e1\u0161 sp\u00f4sob odstra\u0148ovania<\/strong>&nbsp;<strong>stigmy, predsudkov, stereotypov a&nbsp;m\u00fdtov<\/strong><\/p>\n\n\n\n<p>Hlavn\u00fdm \u00famyslom \u0161koly zotavenia je vzdel\u00e1vanie na\u0161ich u\u017e\u00edvate\u013eov v&nbsp;oblasti du\u0161evn\u00e9ho zdravia. N\u00e1vrat k&nbsp;\u0161t\u00fadijn\u00fdm schopnostiam, z\u00edskavanie znalost\u00ed ako \u010deli\u0165 v\u00fdzvam a&nbsp;probl\u00e9mom na ceste zotavenia. Na\u0161ou \u00falohou je poskytova\u0165 \u013eu\u010fom s&nbsp;du\u0161evnou poruchou vzdel\u00e1vacie programy \u0161it\u00e9 na mieru. \u0160kolu zotavenia chceme postavi\u0165 na poznan\u00ed, \u017ee ka\u017ed\u00fd m\u00f4\u017eeme prispie\u0165 svojimi schopnos\u0165ami a&nbsp;darmi. Aktivity v&nbsp;\u0161kole zotavenia budeme organizova\u0165 a&nbsp;otv\u00e1ra\u0165 pod\u013ea po\u017eiadaviek \u013eud\u00ed, ktor\u00ed k&nbsp;n\u00e1m do centra pr\u00eddu. Predn\u00e1\u0161ky, tvoriv\u00e9 workshopy, besedy, diskusie, odovzd\u00e1vanie sk\u00fasenost\u00ed a&nbsp;talentov. Chceme aby do centra nechodili len \u013eudia, ktor\u00ed maj\u00fa sk\u00fasenos\u0165 s&nbsp;du\u0161evnou poruchou, ale aj zdrav\u00ed \u013eudia, ktor\u00ed tu dostan\u00fa mo\u017enos\u0165 meni\u0165 svoj poh\u013ead a&nbsp;pr\u00edstup k&nbsp;\u013eu\u010fom s&nbsp;diagn\u00f3zou.<\/p>\n\n\n\n<p>N\u00e1\u0161 z\u00e1mer je poskytn\u00fa\u0165 u\u017e\u00edvate\u013eom slu\u017eieb potrebn\u00e9 inform\u00e1cie o lie\u010dbe a \u017eivote, o rie\u0161en\u00ed rozli\u010dn\u00fdch z\u00e1\u0165a\u017eov\u00fdch situ\u00e1ci\u00ed, ktor\u00e9 so sebou du\u0161evn\u00e1 tiese\u0148 prin\u00e1\u0161a, z poh\u013eadu toho, kto s\u00e1m t\u00fdm v\u0161etk\u00fdm pre\u0161iel a vie, \u010do sa m\u00f4\u017ee sta\u0165 a ak\u00e9 rie\u0161enia a postoje s\u00fa najschodnej\u0161ie a \u017eivotu a rehabilit\u00e1cii najpr\u00ednosnej\u0161ie.<\/p>\n\n\n\n<p><strong>Vstup<\/strong>&nbsp;<strong>do slu\u017eby:&nbsp;<\/strong>pre osoby s du\u0161evn\u00fdmi probl\u00e9mami, pre ich rodinu a bl\u00edzkych.<\/p>\n\n\n\n<p><strong>Bezplatnos\u0165:&nbsp;<\/strong>zapojenie do slu\u017eby je bezplatn\u00e9.<\/p>\n\n\n\n<p><strong>S\u00eddlo slu\u017eby:&nbsp;<\/strong>Pre\u0161ov \u2013 mesto<\/p>\n\n\n\n<p><strong>Sp\u00e1dov\u00e1 oblas\u0165:&nbsp;<\/strong>Pre\u0161ov<\/p>\n\n\n\n<p><strong>Kontaktn\u00e9 inform\u00e1cie:<\/strong><\/p>\n\n\n\n<p>Adresa: Plzensk\u00e1 2, 08001 Pre\u0161ov<\/p>\n\n\n\n<p>Telef\u00f3n: 0949853683, 0902418148<\/p>\n\n\n\n<p>E-mail: cestaazivot@gmail.com<\/p>\n\n\n\n<p>Ak v sebe nie\u010do n\u00e1jdete alebo si uvedom\u00edte, \u017ee tu existuje cesta ktor\u00e1 v\u00e1m d\u00e1va n\u00e1dej, slu\u017eba ktor\u00e1 popisuje va\u0161e potreby, potom sa ozvite.<\/p>\n","protected":false},"excerpt":{"rendered":"<p>\u0160KOLA ZOTAVENIA \u2013 n\u00e1\u0161 sp\u00f4sob odstra\u0148ovania&nbsp;stigmy, predsudkov, stereotypov a&nbsp;m\u00fdtov Hlavn\u00fdm \u00famyslom \u0161koly zotavenia je vzdel\u00e1vanie na\u0161ich u\u017e\u00edvate\u013eov v&nbsp;oblasti du\u0161evn\u00e9ho zdravia. N\u00e1vrat k&nbsp;\u0161t\u00fadijn\u00fdm schopnostiam, z\u00edskavanie znalost\u00ed ako \u010deli\u0165 v\u00fdzvam a&nbsp;probl\u00e9mom na ceste zotavenia. Na\u0161ou \u00falohou je poskytova\u0165 \u013eu\u010fom s&nbsp;du\u0161evnou poruchou vzdel\u00e1vacie programy \u0161it\u00e9 na mieru. \u0160kolu zotavenia chceme postavi\u0165 na poznan\u00ed, \u017ee ka\u017ed\u00fd m\u00f4\u017eeme prispie\u0165 svojimi &hellip;<\/p>\n<p class=\"read-more\"> <a class=\"\" href=\"https:\/\/www.cestaazivot.sk\/?page_id=105\"> <span class=\"screen-reader-text\">\u0160kola zotavenia<\/span> \u010c\u00edtajte viac &raquo;<\/a><\/p>\n","protected":false},"author":1,"featured_media":0,"parent":0,"menu_order":0,"comment_status":"closed","ping_status":"closed","template":"","meta":{"_mi_skip_tracking":false,"site-sidebar-layout":"default","site-content-layout":"default","ast-global-header-display":"","ast-main-header-display":"","ast-hfb-above-header-display":"","ast-hfb-below-header-display":"","ast-hfb-mobile-header-display":"","site-post-title":"","ast-breadcrumbs-content":"","ast-featured-img":"","footer-sml-layout":"","theme-transparent-header-meta":"","adv-header-id-meta":"","stick-header-meta":"","header-above-stick-meta":"","header-main-stick-meta":"","header-below-stick-meta":""},"yoast_head":"<!-- This site is optimized with the Yoast SEO plugin v17.7.1 - https:\/\/yoast.com\/wordpress\/plugins\/seo\/ -->\n<title>\u0160kola zotavenia - Cesta a \u017eivot<\/title>\n<meta name=\"description\" content=\"\u0160KOLA ZOTAVENIA \u2013 n\u00e1\u0161 sp\u00f4sob odstra\u0148ovania\u00a0stigmy, predsudkov, stereotypov a\u00a0m\u00fdtov\" \/>\n<meta name=\"robots\" content=\"index, follow, max-snippet:-1, max-image-preview:large, max-video-preview:-1\" \/>\n<link rel=\"canonical\" href=\"https:\/\/www.cestaazivot.sk\/?page_id=105\" \/>\n<meta property=\"og:locale\" content=\"sk_SK\" \/>\n<meta property=\"og:type\" content=\"article\" \/>\n<meta property=\"og:title\" content=\"\u0160kola zotavenia - Cesta a \u017eivot\" \/>\n<meta property=\"og:description\" content=\"\u0160KOLA ZOTAVENIA \u2013 n\u00e1\u0161 sp\u00f4sob odstra\u0148ovania\u00a0stigmy, predsudkov, stereotypov a\u00a0m\u00fdtov\" \/>\n<meta property=\"og:url\" content=\"https:\/\/www.cestaazivot.sk\/?page_id=105\" \/>\n<meta property=\"og:site_name\" content=\"Cesta a \u017eivot\" \/>\n<meta property=\"article:modified_time\" content=\"2021-12-05T14:49:33+00:00\" \/>\n<meta name=\"twitter:card\" content=\"summary_large_image\" \/>\n<meta name=\"twitter:label1\" content=\"Predpokladan\u00fd \u010das \u010d\u00edtania\" \/>\n\t<meta name=\"twitter:data1\" content=\"1 min\u00fata\" \/>\n<script type=\"application\/ld+json\" class=\"yoast-schema-graph\">{\"@context\":\"https:\/\/schema.org\",\"@graph\":[{\"@type\":\"WebSite\",\"@id\":\"https:\/\/www.cestaazivot.sk\/#website\",\"url\":\"https:\/\/www.cestaazivot.sk\/\",\"name\":\"Cesta a \\u017eivot\",\"description\":\"Neziskov\\u00e1 organiz\\u00e1cia\",\"potentialAction\":[{\"@type\":\"SearchAction\",\"target\":{\"@type\":\"EntryPoint\",\"urlTemplate\":\"https:\/\/www.cestaazivot.sk\/?s={search_term_string}\"},\"query-input\":\"required name=search_term_string\"}],\"inLanguage\":\"sk-SK\"},{\"@type\":\"WebPage\",\"@id\":\"https:\/\/www.cestaazivot.sk\/?page_id=105#webpage\",\"url\":\"https:\/\/www.cestaazivot.sk\/?page_id=105\",\"name\":\"\\u0160kola zotavenia - Cesta a \\u017eivot\",\"isPartOf\":{\"@id\":\"https:\/\/www.cestaazivot.sk\/#website\"},\"datePublished\":\"2021-12-05T14:49:32+00:00\",\"dateModified\":\"2021-12-05T14:49:33+00:00\",\"description\":\"\\u0160KOLA ZOTAVENIA \\u2013 n\\u00e1\\u0161 sp\\u00f4sob odstra\\u0148ovania\\u00a0stigmy, predsudkov, stereotypov a\\u00a0m\\u00fdtov\",\"breadcrumb\":{\"@id\":\"https:\/\/www.cestaazivot.sk\/?page_id=105#breadcrumb\"},\"inLanguage\":\"sk-SK\",\"potentialAction\":[{\"@type\":\"ReadAction\",\"target\":[\"https:\/\/www.cestaazivot.sk\/?page_id=105\"]}]},{\"@type\":\"BreadcrumbList\",\"@id\":\"https:\/\/www.cestaazivot.sk\/?page_id=105#breadcrumb\",\"itemListElement\":[{\"@type\":\"ListItem\",\"position\":1,\"name\":\"Home\",\"item\":\"https:\/\/www.cestaazivot.sk\/\"},{\"@type\":\"ListItem\",\"position\":2,\"name\":\"\\u0160kola zotavenia\"}]}]}<\/script>\n<!-- \/ Yoast SEO plugin. -->","yoast_head_json":{"title":"\u0160kola zotavenia - Cesta a \u017eivot","description":"\u0160KOLA ZOTAVENIA \u2013 n\u00e1\u0161 sp\u00f4sob odstra\u0148ovania\u00a0stigmy, predsudkov, stereotypov a\u00a0m\u00fdtov","robots":{"index":"index","follow":"follow","max-snippet":"max-snippet:-1","max-image-preview":"max-image-preview:large","max-video-preview":"max-video-preview:-1"},"canonical":"https:\/\/www.cestaazivot.sk\/?page_id=105","og_locale":"sk_SK","og_type":"article","og_title":"\u0160kola zotavenia - Cesta a \u017eivot","og_description":"\u0160KOLA ZOTAVENIA \u2013 n\u00e1\u0161 sp\u00f4sob odstra\u0148ovania\u00a0stigmy, predsudkov, stereotypov a\u00a0m\u00fdtov","og_url":"https:\/\/www.cestaazivot.sk\/?page_id=105","og_site_name":"Cesta a \u017eivot","article_modified_time":"2021-12-05T14:49:33+00:00","twitter_card":"summary_large_image","twitter_misc":{"Predpokladan\u00fd \u010das \u010d\u00edtania":"1 min\u00fata"},"schema":{"@context":"https:\/\/schema.org","@graph":[{"@type":"WebSite","@id":"https:\/\/www.cestaazivot.sk\/#website","url":"https:\/\/www.cestaazivot.sk\/","name":"Cesta a \u017eivot","description":"Neziskov\u00e1 organiz\u00e1cia","potentialAction":[{"@type":"SearchAction","target":{"@type":"EntryPoint","urlTemplate":"https:\/\/www.cestaazivot.sk\/?s={search_term_string}"},"query-input":"required name=search_term_string"}],"inLanguage":"sk-SK"},{"@type":"WebPage","@id":"https:\/\/www.cestaazivot.sk\/?page_id=105#webpage","url":"https:\/\/www.cestaazivot.sk\/?page_id=105","name":"\u0160kola zotavenia - Cesta a \u017eivot","isPartOf":{"@id":"https:\/\/www.cestaazivot.sk\/#website"},"datePublished":"2021-12-05T14:49:32+00:00","dateModified":"2021-12-05T14:49:33+00:00","description":"\u0160KOLA ZOTAVENIA \u2013 n\u00e1\u0161 sp\u00f4sob odstra\u0148ovania\u00a0stigmy, predsudkov, stereotypov a\u00a0m\u00fdtov","breadcrumb":{"@id":"https:\/\/www.cestaazivot.sk\/?page_id=105#breadcrumb"},"inLanguage":"sk-SK","potentialAction":[{"@type":"ReadAction","target":["https:\/\/www.cestaazivot.sk\/?page_id=105"]}]},{"@type":"BreadcrumbList","@id":"https:\/\/www.cestaazivot.sk\/?page_id=105#breadcrumb","itemListElement":[{"@type":"ListItem","position":1,"name":"Home","item":"https:\/\/www.cestaazivot.sk\/"},{"@type":"ListItem","position":2,"name":"\u0160kola zotavenia"}]}]}},"_links":{"self":[{"href":"https:\/\/www.cestaazivot.sk\/index.php?rest_route=\/wp\/v2\/pages\/105"}],"collection":[{"href":"https:\/\/www.cestaazivot.sk\/index.php?rest_route=\/wp\/v2\/pages"}],"about":[{"href":"https:\/\/www.cestaazivot.sk\/index.php?rest_route=\/wp\/v2\/types\/page"}],"author":[{"embeddable":true,"href":"https:\/\/www.cestaazivot.sk\/index.php?rest_route=\/wp\/v2\/users\/1"}],"replies":[{"embeddable":true,"href":"https:\/\/www.cestaazivot.sk\/index.php?rest_route=%2Fwp%2Fv2%2Fcomments&post=105"}],"version-history":[{"count":1,"href":"https:\/\/www.cestaazivot.sk\/index.php?rest_route=\/wp\/v2\/pages\/105\/revisions"}],"predecessor-version":[{"id":106,"href":"https:\/\/www.cestaazivot.sk\/index.php?rest_route=\/wp\/v2\/pages\/105\/revisions\/106"}],"wp:attachment":[{"href":"https:\/\/www.cestaazivot.sk\/index.php?rest_route=%2Fwp%2Fv2%2Fmedia&parent=105"}],"curies":[{"name":"wp","href":"https:\/\/api.w.org\/{rel}","templated":true}]}}