{"id":128,"date":"2021-12-05T16:01:32","date_gmt":"2021-12-05T15:01:32","guid":{"rendered":"https:\/\/www.cestaazivot.sk\/?page_id=128"},"modified":"2022-02-09T15:44:13","modified_gmt":"2022-02-09T14:44:13","slug":"2019-2","status":"publish","type":"page","link":"https:\/\/www.cestaazivot.sk\/?page_id=128","title":{"rendered":"2019"},"content":{"rendered":"\n<p><strong>SEMIN\u00c1RE \u2013 WORKSHOPY \u2013 \u0160KOLENIA<\/strong><\/p>\n\n\n\n<p>10 dielny cyklus predn\u00e1\u0161ok pre osamel\u00fdch v\u00a0spolupr\u00e1ci s\u00a0Hnut\u00edm na pomoc rozveden\u00fdm kres\u0165anom pod n\u00e1zvom:\u00a0<strong>\u201eS n\u00e1dejou v srdci\u201c<\/strong>, ktor\u00fd bol podporen\u00fd grantom mesta Pre\u0161ov.<\/p>\n\n\n\n<p>Na p\u00f4de organiz\u00e1cie Cesta a \u017eivot n.o. Pre\u0161ov vznikla v janu\u00e1ri 2019 svojpomocn\u00e1 skupina Recovery (Zotavenie). Komunitou vytv\u00e1ran\u00e9 n\u00e1sledn\u00e9 slu\u017eby, ktor\u00fdch \u00falohou je nap\u013a\u0148a\u0165 soci\u00e1lne a spolo\u010densk\u00e9 potreby \u013eud\u00ed s probl\u00e9mami du\u0161evn\u00e9ho zdravia.<\/p>\n\n\n\n<p>Projekt n\u00e1\u0161ho Centra, zapojenie rodinn\u00e9ho peer konzultanta do slu\u017eieb du\u0161evn\u00e9ho zdravia. <\/p>\n","protected":false},"excerpt":{"rendered":"<p>SEMIN\u00c1RE \u2013 WORKSHOPY \u2013 \u0160KOLENIA 10 dielny cyklus predn\u00e1\u0161ok pre osamel\u00fdch v\u00a0spolupr\u00e1ci s\u00a0Hnut\u00edm na pomoc rozveden\u00fdm kres\u0165anom pod n\u00e1zvom:\u00a0\u201eS n\u00e1dejou v srdci\u201c, ktor\u00fd bol podporen\u00fd grantom mesta Pre\u0161ov. Na p\u00f4de organiz\u00e1cie Cesta a \u017eivot n.o. Pre\u0161ov vznikla v janu\u00e1ri 2019 svojpomocn\u00e1 skupina Recovery (Zotavenie). Komunitou vytv\u00e1ran\u00e9 n\u00e1sledn\u00e9 slu\u017eby, ktor\u00fdch \u00falohou je nap\u013a\u0148a\u0165 soci\u00e1lne a spolo\u010densk\u00e9 &hellip;<\/p>\n<p class=\"read-more\"> <a class=\"\" href=\"https:\/\/www.cestaazivot.sk\/?page_id=128\"> <span class=\"screen-reader-text\">2019<\/span> \u010c\u00edtajte viac &raquo;<\/a><\/p>\n","protected":false},"author":1,"featured_media":0,"parent":0,"menu_order":0,"comment_status":"closed","ping_status":"closed","template":"","meta":{"_mi_skip_tracking":false,"site-sidebar-layout":"default","site-content-layout":"default","ast-global-header-display":"","ast-main-header-display":"","ast-hfb-above-header-display":"","ast-hfb-below-header-display":"","ast-hfb-mobile-header-display":"","site-post-title":"","ast-breadcrumbs-content":"","ast-featured-img":"","footer-sml-layout":"","theme-transparent-header-meta":"","adv-header-id-meta":"","stick-header-meta":"","header-above-stick-meta":"","header-main-stick-meta":"","header-below-stick-meta":""},"yoast_head":"<!-- This site is optimized with the Yoast SEO plugin v17.7.1 - https:\/\/yoast.com\/wordpress\/plugins\/seo\/ -->\n<title>2019 - Cesta a \u017eivot<\/title>\n<meta name=\"robots\" content=\"index, follow, max-snippet:-1, max-image-preview:large, max-video-preview:-1\" \/>\n<link rel=\"canonical\" href=\"https:\/\/www.cestaazivot.sk\/?page_id=128\" \/>\n<meta property=\"og:locale\" content=\"sk_SK\" \/>\n<meta property=\"og:type\" content=\"article\" \/>\n<meta property=\"og:title\" content=\"2019 - Cesta a \u017eivot\" \/>\n<meta property=\"og:description\" content=\"SEMIN\u00c1RE \u2013 WORKSHOPY \u2013 \u0160KOLENIA 10 dielny cyklus predn\u00e1\u0161ok pre osamel\u00fdch v\u00a0spolupr\u00e1ci s\u00a0Hnut\u00edm na pomoc rozveden\u00fdm kres\u0165anom pod n\u00e1zvom:\u00a0\u201eS n\u00e1dejou v srdci\u201c, ktor\u00fd bol podporen\u00fd grantom mesta Pre\u0161ov. Na p\u00f4de organiz\u00e1cie Cesta a \u017eivot n.o. Pre\u0161ov vznikla v janu\u00e1ri 2019 svojpomocn\u00e1 skupina Recovery (Zotavenie). Komunitou vytv\u00e1ran\u00e9 n\u00e1sledn\u00e9 slu\u017eby, ktor\u00fdch \u00falohou je nap\u013a\u0148a\u0165 soci\u00e1lne a spolo\u010densk\u00e9 &hellip; 2019 \u010c\u00edtajte viac &raquo;\" \/>\n<meta property=\"og:url\" content=\"https:\/\/www.cestaazivot.sk\/?page_id=128\" \/>\n<meta property=\"og:site_name\" content=\"Cesta a \u017eivot\" \/>\n<meta property=\"article:modified_time\" content=\"2022-02-09T14:44:13+00:00\" \/>\n<meta name=\"twitter:card\" content=\"summary_large_image\" \/>\n<meta name=\"twitter:label1\" content=\"Predpokladan\u00fd \u010das \u010d\u00edtania\" \/>\n\t<meta name=\"twitter:data1\" content=\"1 min\u00fata\" \/>\n<script type=\"application\/ld+json\" class=\"yoast-schema-graph\">{\"@context\":\"https:\/\/schema.org\",\"@graph\":[{\"@type\":\"WebSite\",\"@id\":\"https:\/\/www.cestaazivot.sk\/#website\",\"url\":\"https:\/\/www.cestaazivot.sk\/\",\"name\":\"Cesta a \\u017eivot\",\"description\":\"Neziskov\\u00e1 organiz\\u00e1cia\",\"potentialAction\":[{\"@type\":\"SearchAction\",\"target\":{\"@type\":\"EntryPoint\",\"urlTemplate\":\"https:\/\/www.cestaazivot.sk\/?s={search_term_string}\"},\"query-input\":\"required name=search_term_string\"}],\"inLanguage\":\"sk-SK\"},{\"@type\":\"WebPage\",\"@id\":\"https:\/\/www.cestaazivot.sk\/?page_id=128#webpage\",\"url\":\"https:\/\/www.cestaazivot.sk\/?page_id=128\",\"name\":\"2019 - Cesta a \\u017eivot\",\"isPartOf\":{\"@id\":\"https:\/\/www.cestaazivot.sk\/#website\"},\"datePublished\":\"2021-12-05T15:01:32+00:00\",\"dateModified\":\"2022-02-09T14:44:13+00:00\",\"breadcrumb\":{\"@id\":\"https:\/\/www.cestaazivot.sk\/?page_id=128#breadcrumb\"},\"inLanguage\":\"sk-SK\",\"potentialAction\":[{\"@type\":\"ReadAction\",\"target\":[\"https:\/\/www.cestaazivot.sk\/?page_id=128\"]}]},{\"@type\":\"BreadcrumbList\",\"@id\":\"https:\/\/www.cestaazivot.sk\/?page_id=128#breadcrumb\",\"itemListElement\":[{\"@type\":\"ListItem\",\"position\":1,\"name\":\"Home\",\"item\":\"https:\/\/www.cestaazivot.sk\/\"},{\"@type\":\"ListItem\",\"position\":2,\"name\":\"2019\"}]}]}<\/script>\n<!-- \/ Yoast SEO plugin. -->","yoast_head_json":{"title":"2019 - Cesta a \u017eivot","robots":{"index":"index","follow":"follow","max-snippet":"max-snippet:-1","max-image-preview":"max-image-preview:large","max-video-preview":"max-video-preview:-1"},"canonical":"https:\/\/www.cestaazivot.sk\/?page_id=128","og_locale":"sk_SK","og_type":"article","og_title":"2019 - Cesta a \u017eivot","og_description":"SEMIN\u00c1RE \u2013 WORKSHOPY \u2013 \u0160KOLENIA 10 dielny cyklus predn\u00e1\u0161ok pre osamel\u00fdch v\u00a0spolupr\u00e1ci s\u00a0Hnut\u00edm na pomoc rozveden\u00fdm kres\u0165anom pod n\u00e1zvom:\u00a0\u201eS n\u00e1dejou v srdci\u201c, ktor\u00fd bol podporen\u00fd grantom mesta Pre\u0161ov. Na p\u00f4de organiz\u00e1cie Cesta a \u017eivot n.o. Pre\u0161ov vznikla v janu\u00e1ri 2019 svojpomocn\u00e1 skupina Recovery (Zotavenie). Komunitou vytv\u00e1ran\u00e9 n\u00e1sledn\u00e9 slu\u017eby, ktor\u00fdch \u00falohou je nap\u013a\u0148a\u0165 soci\u00e1lne a spolo\u010densk\u00e9 &hellip; 2019 \u010c\u00edtajte viac &raquo;","og_url":"https:\/\/www.cestaazivot.sk\/?page_id=128","og_site_name":"Cesta a \u017eivot","article_modified_time":"2022-02-09T14:44:13+00:00","twitter_card":"summary_large_image","twitter_misc":{"Predpokladan\u00fd \u010das \u010d\u00edtania":"1 min\u00fata"},"schema":{"@context":"https:\/\/schema.org","@graph":[{"@type":"WebSite","@id":"https:\/\/www.cestaazivot.sk\/#website","url":"https:\/\/www.cestaazivot.sk\/","name":"Cesta a \u017eivot","description":"Neziskov\u00e1 organiz\u00e1cia","potentialAction":[{"@type":"SearchAction","target":{"@type":"EntryPoint","urlTemplate":"https:\/\/www.cestaazivot.sk\/?s={search_term_string}"},"query-input":"required name=search_term_string"}],"inLanguage":"sk-SK"},{"@type":"WebPage","@id":"https:\/\/www.cestaazivot.sk\/?page_id=128#webpage","url":"https:\/\/www.cestaazivot.sk\/?page_id=128","name":"2019 - Cesta a \u017eivot","isPartOf":{"@id":"https:\/\/www.cestaazivot.sk\/#website"},"datePublished":"2021-12-05T15:01:32+00:00","dateModified":"2022-02-09T14:44:13+00:00","breadcrumb":{"@id":"https:\/\/www.cestaazivot.sk\/?page_id=128#breadcrumb"},"inLanguage":"sk-SK","potentialAction":[{"@type":"ReadAction","target":["https:\/\/www.cestaazivot.sk\/?page_id=128"]}]},{"@type":"BreadcrumbList","@id":"https:\/\/www.cestaazivot.sk\/?page_id=128#breadcrumb","itemListElement":[{"@type":"ListItem","position":1,"name":"Home","item":"https:\/\/www.cestaazivot.sk\/"},{"@type":"ListItem","position":2,"name":"2019"}]}]}},"_links":{"self":[{"href":"https:\/\/www.cestaazivot.sk\/index.php?rest_route=\/wp\/v2\/pages\/128"}],"collection":[{"href":"https:\/\/www.cestaazivot.sk\/index.php?rest_route=\/wp\/v2\/pages"}],"about":[{"href":"https:\/\/www.cestaazivot.sk\/index.php?rest_route=\/wp\/v2\/types\/page"}],"author":[{"embeddable":true,"href":"https:\/\/www.cestaazivot.sk\/index.php?rest_route=\/wp\/v2\/users\/1"}],"replies":[{"embeddable":true,"href":"https:\/\/www.cestaazivot.sk\/index.php?rest_route=%2Fwp%2Fv2%2Fcomments&post=128"}],"version-history":[{"count":2,"href":"https:\/\/www.cestaazivot.sk\/index.php?rest_route=\/wp\/v2\/pages\/128\/revisions"}],"predecessor-version":[{"id":198,"href":"https:\/\/www.cestaazivot.sk\/index.php?rest_route=\/wp\/v2\/pages\/128\/revisions\/198"}],"wp:attachment":[{"href":"https:\/\/www.cestaazivot.sk\/index.php?rest_route=%2Fwp%2Fv2%2Fmedia&parent=128"}],"curies":[{"name":"wp","href":"https:\/\/api.w.org\/{rel}","templated":true}]}}