{"id":527,"date":"2023-05-27T10:43:41","date_gmt":"2023-05-27T08:43:41","guid":{"rendered":"https:\/\/www.cestaazivot.sk\/?page_id=527"},"modified":"2023-05-31T09:46:55","modified_gmt":"2023-05-31T07:46:55","slug":"napisali-o-nas","status":"publish","type":"page","link":"https:\/\/www.cestaazivot.sk\/?page_id=527","title":{"rendered":"Nap\u00edsali o n\u00e1s"},"content":{"rendered":"\n<div class=\"wp-block-image\"><figure class=\"aligncenter size-large is-resized\"><img loading=\"lazy\" src=\"https:\/\/www.cestaazivot.sk\/wp-content\/uploads\/2023\/05\/348359174_1362439411206050_4666529125800997641_n-1-1024x768.jpg\" alt=\"\" class=\"wp-image-541\" width=\"843\" height=\"632\" srcset=\"https:\/\/www.cestaazivot.sk\/wp-content\/uploads\/2023\/05\/348359174_1362439411206050_4666529125800997641_n-1-1024x768.jpg 1024w, https:\/\/www.cestaazivot.sk\/wp-content\/uploads\/2023\/05\/348359174_1362439411206050_4666529125800997641_n-1-300x225.jpg 300w, https:\/\/www.cestaazivot.sk\/wp-content\/uploads\/2023\/05\/348359174_1362439411206050_4666529125800997641_n-1-768x576.jpg 768w, https:\/\/www.cestaazivot.sk\/wp-content\/uploads\/2023\/05\/348359174_1362439411206050_4666529125800997641_n-1-1536x1152.jpg 1536w, https:\/\/www.cestaazivot.sk\/wp-content\/uploads\/2023\/05\/348359174_1362439411206050_4666529125800997641_n-1-2048x1536.jpg 2048w\" sizes=\"(max-width: 843px) 100vw, 843px\" \/><\/figure><\/div>\n","protected":false},"excerpt":{"rendered":"","protected":false},"author":1,"featured_media":0,"parent":0,"menu_order":0,"comment_status":"closed","ping_status":"closed","template":"","meta":{"_mi_skip_tracking":false,"site-sidebar-layout":"default","site-content-layout":"default","ast-global-header-display":"","ast-main-header-display":"","ast-hfb-above-header-display":"","ast-hfb-below-header-display":"","ast-hfb-mobile-header-display":"","site-post-title":"","ast-breadcrumbs-content":"","ast-featured-img":"","footer-sml-layout":"","theme-transparent-header-meta":"","adv-header-id-meta":"","stick-header-meta":"","header-above-stick-meta":"","header-main-stick-meta":"","header-below-stick-meta":""},"yoast_head":"<!-- This site is optimized with the Yoast SEO plugin v17.7.1 - https:\/\/yoast.com\/wordpress\/plugins\/seo\/ -->\n<title>Nap\u00edsali o n\u00e1s - Cesta a \u017eivot<\/title>\n<meta name=\"robots\" content=\"index, follow, max-snippet:-1, max-image-preview:large, max-video-preview:-1\" \/>\n<link rel=\"canonical\" href=\"https:\/\/www.cestaazivot.sk\/?page_id=527\" \/>\n<meta property=\"og:locale\" content=\"sk_SK\" \/>\n<meta property=\"og:type\" content=\"article\" \/>\n<meta property=\"og:title\" content=\"Nap\u00edsali o n\u00e1s - Cesta a \u017eivot\" \/>\n<meta property=\"og:url\" content=\"https:\/\/www.cestaazivot.sk\/?page_id=527\" \/>\n<meta property=\"og:site_name\" content=\"Cesta a \u017eivot\" \/>\n<meta property=\"article:modified_time\" content=\"2023-05-31T07:46:55+00:00\" \/>\n<meta property=\"og:image\" content=\"https:\/\/www.cestaazivot.sk\/wp-content\/uploads\/2023\/05\/348359174_1362439411206050_4666529125800997641_n-1-1024x768.jpg\" \/>\n<meta name=\"twitter:card\" content=\"summary_large_image\" \/>\n<meta name=\"twitter:label1\" content=\"Predpokladan\u00fd \u010das \u010d\u00edtania\" \/>\n\t<meta name=\"twitter:data1\" content=\"1 min\u00fata\" \/>\n<script type=\"application\/ld+json\" class=\"yoast-schema-graph\">{\"@context\":\"https:\/\/schema.org\",\"@graph\":[{\"@type\":\"WebSite\",\"@id\":\"https:\/\/www.cestaazivot.sk\/#website\",\"url\":\"https:\/\/www.cestaazivot.sk\/\",\"name\":\"Cesta a \\u017eivot\",\"description\":\"Neziskov\\u00e1 organiz\\u00e1cia\",\"potentialAction\":[{\"@type\":\"SearchAction\",\"target\":{\"@type\":\"EntryPoint\",\"urlTemplate\":\"https:\/\/www.cestaazivot.sk\/?s={search_term_string}\"},\"query-input\":\"required name=search_term_string\"}],\"inLanguage\":\"sk-SK\"},{\"@type\":\"ImageObject\",\"@id\":\"https:\/\/www.cestaazivot.sk\/?page_id=527#primaryimage\",\"inLanguage\":\"sk-SK\",\"url\":\"https:\/\/www.cestaazivot.sk\/wp-content\/uploads\/2023\/05\/348359174_1362439411206050_4666529125800997641_n-1-scaled.jpg\",\"contentUrl\":\"https:\/\/www.cestaazivot.sk\/wp-content\/uploads\/2023\/05\/348359174_1362439411206050_4666529125800997641_n-1-scaled.jpg\",\"width\":2560,\"height\":1920},{\"@type\":\"WebPage\",\"@id\":\"https:\/\/www.cestaazivot.sk\/?page_id=527#webpage\",\"url\":\"https:\/\/www.cestaazivot.sk\/?page_id=527\",\"name\":\"Nap\\u00edsali o n\\u00e1s - Cesta a \\u017eivot\",\"isPartOf\":{\"@id\":\"https:\/\/www.cestaazivot.sk\/#website\"},\"primaryImageOfPage\":{\"@id\":\"https:\/\/www.cestaazivot.sk\/?page_id=527#primaryimage\"},\"datePublished\":\"2023-05-27T08:43:41+00:00\",\"dateModified\":\"2023-05-31T07:46:55+00:00\",\"breadcrumb\":{\"@id\":\"https:\/\/www.cestaazivot.sk\/?page_id=527#breadcrumb\"},\"inLanguage\":\"sk-SK\",\"potentialAction\":[{\"@type\":\"ReadAction\",\"target\":[\"https:\/\/www.cestaazivot.sk\/?page_id=527\"]}]},{\"@type\":\"BreadcrumbList\",\"@id\":\"https:\/\/www.cestaazivot.sk\/?page_id=527#breadcrumb\",\"itemListElement\":[{\"@type\":\"ListItem\",\"position\":1,\"name\":\"Home\",\"item\":\"https:\/\/www.cestaazivot.sk\/\"},{\"@type\":\"ListItem\",\"position\":2,\"name\":\"Nap\\u00edsali o n\\u00e1s\"}]}]}<\/script>\n<!-- \/ Yoast SEO plugin. -->","yoast_head_json":{"title":"Nap\u00edsali o n\u00e1s - Cesta a \u017eivot","robots":{"index":"index","follow":"follow","max-snippet":"max-snippet:-1","max-image-preview":"max-image-preview:large","max-video-preview":"max-video-preview:-1"},"canonical":"https:\/\/www.cestaazivot.sk\/?page_id=527","og_locale":"sk_SK","og_type":"article","og_title":"Nap\u00edsali o n\u00e1s - Cesta a \u017eivot","og_url":"https:\/\/www.cestaazivot.sk\/?page_id=527","og_site_name":"Cesta a \u017eivot","article_modified_time":"2023-05-31T07:46:55+00:00","og_image":[{"url":"https:\/\/www.cestaazivot.sk\/wp-content\/uploads\/2023\/05\/348359174_1362439411206050_4666529125800997641_n-1-1024x768.jpg"}],"twitter_card":"summary_large_image","twitter_misc":{"Predpokladan\u00fd \u010das \u010d\u00edtania":"1 min\u00fata"},"schema":{"@context":"https:\/\/schema.org","@graph":[{"@type":"WebSite","@id":"https:\/\/www.cestaazivot.sk\/#website","url":"https:\/\/www.cestaazivot.sk\/","name":"Cesta a \u017eivot","description":"Neziskov\u00e1 organiz\u00e1cia","potentialAction":[{"@type":"SearchAction","target":{"@type":"EntryPoint","urlTemplate":"https:\/\/www.cestaazivot.sk\/?s={search_term_string}"},"query-input":"required name=search_term_string"}],"inLanguage":"sk-SK"},{"@type":"ImageObject","@id":"https:\/\/www.cestaazivot.sk\/?page_id=527#primaryimage","inLanguage":"sk-SK","url":"https:\/\/www.cestaazivot.sk\/wp-content\/uploads\/2023\/05\/348359174_1362439411206050_4666529125800997641_n-1-scaled.jpg","contentUrl":"https:\/\/www.cestaazivot.sk\/wp-content\/uploads\/2023\/05\/348359174_1362439411206050_4666529125800997641_n-1-scaled.jpg","width":2560,"height":1920},{"@type":"WebPage","@id":"https:\/\/www.cestaazivot.sk\/?page_id=527#webpage","url":"https:\/\/www.cestaazivot.sk\/?page_id=527","name":"Nap\u00edsali o n\u00e1s - Cesta a \u017eivot","isPartOf":{"@id":"https:\/\/www.cestaazivot.sk\/#website"},"primaryImageOfPage":{"@id":"https:\/\/www.cestaazivot.sk\/?page_id=527#primaryimage"},"datePublished":"2023-05-27T08:43:41+00:00","dateModified":"2023-05-31T07:46:55+00:00","breadcrumb":{"@id":"https:\/\/www.cestaazivot.sk\/?page_id=527#breadcrumb"},"inLanguage":"sk-SK","potentialAction":[{"@type":"ReadAction","target":["https:\/\/www.cestaazivot.sk\/?page_id=527"]}]},{"@type":"BreadcrumbList","@id":"https:\/\/www.cestaazivot.sk\/?page_id=527#breadcrumb","itemListElement":[{"@type":"ListItem","position":1,"name":"Home","item":"https:\/\/www.cestaazivot.sk\/"},{"@type":"ListItem","position":2,"name":"Nap\u00edsali o n\u00e1s"}]}]}},"_links":{"self":[{"href":"https:\/\/www.cestaazivot.sk\/index.php?rest_route=\/wp\/v2\/pages\/527"}],"collection":[{"href":"https:\/\/www.cestaazivot.sk\/index.php?rest_route=\/wp\/v2\/pages"}],"about":[{"href":"https:\/\/www.cestaazivot.sk\/index.php?rest_route=\/wp\/v2\/types\/page"}],"author":[{"embeddable":true,"href":"https:\/\/www.cestaazivot.sk\/index.php?rest_route=\/wp\/v2\/users\/1"}],"replies":[{"embeddable":true,"href":"https:\/\/www.cestaazivot.sk\/index.php?rest_route=%2Fwp%2Fv2%2Fcomments&post=527"}],"version-history":[{"count":3,"href":"https:\/\/www.cestaazivot.sk\/index.php?rest_route=\/wp\/v2\/pages\/527\/revisions"}],"predecessor-version":[{"id":542,"href":"https:\/\/www.cestaazivot.sk\/index.php?rest_route=\/wp\/v2\/pages\/527\/revisions\/542"}],"wp:attachment":[{"href":"https:\/\/www.cestaazivot.sk\/index.php?rest_route=%2Fwp%2Fv2%2Fmedia&parent=527"}],"curies":[{"name":"wp","href":"https:\/\/api.w.org\/{rel}","templated":true}]}}