{"id":66,"date":"2021-12-05T13:10:31","date_gmt":"2021-12-05T12:10:31","guid":{"rendered":"https:\/\/www.cestaazivot.sk\/?page_id=66"},"modified":"2026-03-23T17:45:57","modified_gmt":"2026-03-23T16:45:57","slug":"podporte-nas","status":"publish","type":"page","link":"https:\/\/www.cestaazivot.sk\/","title":{"rendered":"Podporte n\u00e1s"},"content":{"rendered":"\n<p>Sme v\u010fa\u010dn\u00ed za ak\u00e9ko\u013evek dary, ktor\u00e9 n\u00e1m pom\u00f4\u017eu pokra\u010dova\u0165 v na\u0161ej pr\u00e1ci.<\/p>\n\n\n\n<p>IBAN: SK83 5600 0000 0088 8900 4001<\/p>\n\n\n\n<p>Darujte n\u00e1m 2% z dane<\/p>\n\n\n\n<div class=\"wp-block-file aligncenter\"><a href=\"https:\/\/www.cestaazivot.sk\/wp-content\/uploads\/2026\/03\/CaZ_2_2026-1.pdf\">Tla\u010divo 2026<\/a><\/div>\n\n\n\n<p><\/p>\n","protected":false},"excerpt":{"rendered":"<p>Sme v\u010fa\u010dn\u00ed za ak\u00e9ko\u013evek dary, ktor\u00e9 n\u00e1m pom\u00f4\u017eu pokra\u010dova\u0165 v na\u0161ej pr\u00e1ci. IBAN: SK83 5600 0000 0088 8900 4001 Darujte n\u00e1m 2% z dane<\/p>\n","protected":false},"author":1,"featured_media":0,"parent":0,"menu_order":0,"comment_status":"closed","ping_status":"closed","template":"","meta":{"_mi_skip_tracking":false,"site-sidebar-layout":"default","site-content-layout":"default","ast-global-header-display":"","ast-main-header-display":"","ast-hfb-above-header-display":"","ast-hfb-below-header-display":"","ast-hfb-mobile-header-display":"","site-post-title":"","ast-breadcrumbs-content":"","ast-featured-img":"","footer-sml-layout":"","theme-transparent-header-meta":"","adv-header-id-meta":"","stick-header-meta":"","header-above-stick-meta":"","header-main-stick-meta":"","header-below-stick-meta":""},"yoast_head":"<!-- This site is optimized with the Yoast SEO plugin v17.7.1 - https:\/\/yoast.com\/wordpress\/plugins\/seo\/ -->\n<title>Podporte n\u00e1s - Cesta a \u017eivot<\/title>\n<meta name=\"description\" content=\"Podporte n\u00e1s\" \/>\n<meta name=\"robots\" content=\"index, follow, max-snippet:-1, max-image-preview:large, max-video-preview:-1\" \/>\n<link rel=\"canonical\" href=\"https:\/\/www.cestaazivot.sk\/\" \/>\n<meta property=\"og:locale\" content=\"sk_SK\" \/>\n<meta property=\"og:type\" content=\"article\" \/>\n<meta property=\"og:title\" content=\"Podporte n\u00e1s - Cesta a \u017eivot\" \/>\n<meta property=\"og:description\" content=\"Podporte n\u00e1s\" \/>\n<meta property=\"og:url\" content=\"https:\/\/www.cestaazivot.sk\/\" \/>\n<meta property=\"og:site_name\" content=\"Cesta a \u017eivot\" \/>\n<meta property=\"article:modified_time\" content=\"2026-03-23T16:45:57+00:00\" \/>\n<meta name=\"twitter:card\" content=\"summary_large_image\" \/>\n<meta name=\"twitter:label1\" content=\"Predpokladan\u00fd \u010das \u010d\u00edtania\" \/>\n\t<meta name=\"twitter:data1\" content=\"1 min\u00fata\" \/>\n<script type=\"application\/ld+json\" class=\"yoast-schema-graph\">{\"@context\":\"https:\/\/schema.org\",\"@graph\":[{\"@type\":\"WebSite\",\"@id\":\"https:\/\/www.cestaazivot.sk\/#website\",\"url\":\"https:\/\/www.cestaazivot.sk\/\",\"name\":\"Cesta a \\u017eivot\",\"description\":\"Neziskov\\u00e1 organiz\\u00e1cia\",\"potentialAction\":[{\"@type\":\"SearchAction\",\"target\":{\"@type\":\"EntryPoint\",\"urlTemplate\":\"https:\/\/www.cestaazivot.sk\/?s={search_term_string}\"},\"query-input\":\"required name=search_term_string\"}],\"inLanguage\":\"sk-SK\"},{\"@type\":\"WebPage\",\"@id\":\"https:\/\/www.cestaazivot.sk\/#webpage\",\"url\":\"https:\/\/www.cestaazivot.sk\/\",\"name\":\"Podporte n\\u00e1s - Cesta a \\u017eivot\",\"isPartOf\":{\"@id\":\"https:\/\/www.cestaazivot.sk\/#website\"},\"datePublished\":\"2021-12-05T12:10:31+00:00\",\"dateModified\":\"2026-03-23T16:45:57+00:00\",\"description\":\"Podporte n\\u00e1s\",\"breadcrumb\":{\"@id\":\"https:\/\/www.cestaazivot.sk\/#breadcrumb\"},\"inLanguage\":\"sk-SK\",\"potentialAction\":[{\"@type\":\"ReadAction\",\"target\":[\"https:\/\/www.cestaazivot.sk\/\"]}]},{\"@type\":\"BreadcrumbList\",\"@id\":\"https:\/\/www.cestaazivot.sk\/#breadcrumb\",\"itemListElement\":[{\"@type\":\"ListItem\",\"position\":1,\"name\":\"Home\",\"item\":\"https:\/\/www.cestaazivot.sk\/\"},{\"@type\":\"ListItem\",\"position\":2,\"name\":\"Podporte n\\u00e1s\"}]}]}<\/script>\n<!-- \/ Yoast SEO plugin. -->","yoast_head_json":{"title":"Podporte n\u00e1s - Cesta a \u017eivot","description":"Podporte n\u00e1s","robots":{"index":"index","follow":"follow","max-snippet":"max-snippet:-1","max-image-preview":"max-image-preview:large","max-video-preview":"max-video-preview:-1"},"canonical":"https:\/\/www.cestaazivot.sk\/","og_locale":"sk_SK","og_type":"article","og_title":"Podporte n\u00e1s - Cesta a \u017eivot","og_description":"Podporte n\u00e1s","og_url":"https:\/\/www.cestaazivot.sk\/","og_site_name":"Cesta a \u017eivot","article_modified_time":"2026-03-23T16:45:57+00:00","twitter_card":"summary_large_image","twitter_misc":{"Predpokladan\u00fd \u010das \u010d\u00edtania":"1 min\u00fata"},"schema":{"@context":"https:\/\/schema.org","@graph":[{"@type":"WebSite","@id":"https:\/\/www.cestaazivot.sk\/#website","url":"https:\/\/www.cestaazivot.sk\/","name":"Cesta a \u017eivot","description":"Neziskov\u00e1 organiz\u00e1cia","potentialAction":[{"@type":"SearchAction","target":{"@type":"EntryPoint","urlTemplate":"https:\/\/www.cestaazivot.sk\/?s={search_term_string}"},"query-input":"required name=search_term_string"}],"inLanguage":"sk-SK"},{"@type":"WebPage","@id":"https:\/\/www.cestaazivot.sk\/#webpage","url":"https:\/\/www.cestaazivot.sk\/","name":"Podporte n\u00e1s - Cesta a \u017eivot","isPartOf":{"@id":"https:\/\/www.cestaazivot.sk\/#website"},"datePublished":"2021-12-05T12:10:31+00:00","dateModified":"2026-03-23T16:45:57+00:00","description":"Podporte n\u00e1s","breadcrumb":{"@id":"https:\/\/www.cestaazivot.sk\/#breadcrumb"},"inLanguage":"sk-SK","potentialAction":[{"@type":"ReadAction","target":["https:\/\/www.cestaazivot.sk\/"]}]},{"@type":"BreadcrumbList","@id":"https:\/\/www.cestaazivot.sk\/#breadcrumb","itemListElement":[{"@type":"ListItem","position":1,"name":"Home","item":"https:\/\/www.cestaazivot.sk\/"},{"@type":"ListItem","position":2,"name":"Podporte n\u00e1s"}]}]}},"_links":{"self":[{"href":"https:\/\/www.cestaazivot.sk\/index.php?rest_route=\/wp\/v2\/pages\/66"}],"collection":[{"href":"https:\/\/www.cestaazivot.sk\/index.php?rest_route=\/wp\/v2\/pages"}],"about":[{"href":"https:\/\/www.cestaazivot.sk\/index.php?rest_route=\/wp\/v2\/types\/page"}],"author":[{"embeddable":true,"href":"https:\/\/www.cestaazivot.sk\/index.php?rest_route=\/wp\/v2\/users\/1"}],"replies":[{"embeddable":true,"href":"https:\/\/www.cestaazivot.sk\/index.php?rest_route=%2Fwp%2Fv2%2Fcomments&post=66"}],"version-history":[{"count":5,"href":"https:\/\/www.cestaazivot.sk\/index.php?rest_route=\/wp\/v2\/pages\/66\/revisions"}],"predecessor-version":[{"id":708,"href":"https:\/\/www.cestaazivot.sk\/index.php?rest_route=\/wp\/v2\/pages\/66\/revisions\/708"}],"wp:attachment":[{"href":"https:\/\/www.cestaazivot.sk\/index.php?rest_route=%2Fwp%2Fv2%2Fmedia&parent=66"}],"curies":[{"name":"wp","href":"https:\/\/api.w.org\/{rel}","templated":true}]}}